{"id":2000,"date":"2018-11-08T11:55:49","date_gmt":"2018-11-08T10:55:49","guid":{"rendered":"http:\/\/localhost:8888\/rpas\/?page_id=2000"},"modified":"2020-09-02T15:36:44","modified_gmt":"2020-09-02T13:36:44","slug":"accueil","status":"publish","type":"page","link":"http:\/\/www.rpas-at-work.com\/","title":{"rendered":"Accueil"},"content":{"rendered":"<p>[vc_row overlay_dotted=\u00a0\u00bb\u00a0\u00bb css=\u00a0\u00bb.vc_custom_1498128154363{background-color: #ffffff !important;}\u00a0\u00bb][vc_column css=\u00a0\u00bb.vc_custom_1497428063250{padding-top: 0px !important;}\u00a0\u00bb][rev_slider_vc alias=\u00a0\u00bbrpas\u00a0\u00bb][vc_row_inner el_class=\u00a0\u00bbservices-wrap\u00a0\u00bb][vc_column_inner width=\u00a0\u00bb1\/3&Prime;]<div class=\"roof-services  services-69deddaa284a4 \"><div class=\"service-item\"><div class=\"roof-picture\"><a href=\"http:\/\/www.rpas-at-work.com\/inspection\"><img decoding=\"async\" src=\"http:\/\/www.rpas-at-work.com\/wp-content\/uploads\/2019\/04\/home-inspection.jpg\" alt=\"Inspection\"><\/a><\/div><div class=\"service-info\"><h5 class=\"service-title\">Inspection<\/h5><p>Rpas at Work est avant tout une \u00e9quipe de sp\u00e9cialistes compos\u00e9e d\u2019experts certifi\u00e9s en structures d\u2019\u00e9oliennes&#8230;<\/p>\n<div id=\"ConnectiveDocSignExtentionInstalled\" data-extension-version=\"1.0.4\"><\/div>\n<div class=\"read-more\"><a href=\"http:\/\/www.rpas-at-work.com\/inspection\" >En savoir plus...<\/a><\/div><\/div><\/div><\/div>[\/vc_column_inner][vc_column_inner width=\u00a0\u00bb1\/3&Prime;]<div class=\"roof-services  services-69deddaa28a15 \"><div class=\"service-item\"><div class=\"roof-picture\"><a href=\"http:\/\/www.rpas-at-work.com\/photogrammetrie\"><img decoding=\"async\" src=\"http:\/\/www.rpas-at-work.com\/wp-content\/uploads\/2019\/03\/home-photogrammetrie.jpg\" alt=\"Photogramm\u00e9trie\"><\/a><\/div><div class=\"service-info\"><h5 class=\"service-title\">Photogramm\u00e9trie<\/h5><p>Rpas At Work utilise les plateformes de drones et les capteurs les plus avanc\u00e9s pour la r\u00e9alisation de relev\u00e9s a\u00e9riens et la cartographie.<\/p>\n<div id=\"ConnectiveDocSignExtentionInstalled\" data-extension-version=\"1.0.4\"><\/div>\n<div class=\"read-more\"><a href=\"http:\/\/www.rpas-at-work.com\/photogrammetrie\" >En savoir plus...<\/a><\/div><\/div><\/div><\/div>[\/vc_column_inner][vc_column_inner width=\u00a0\u00bb1\/3&Prime;]<div class=\"roof-services  services-69deddaa28eb5 \"><div class=\"service-item\"><div class=\"roof-picture\"><a href=\"http:\/\/www.rpas-at-work.com\/imagerie-multispectrale\"><img decoding=\"async\" src=\"http:\/\/www.rpas-at-work.com\/wp-content\/uploads\/2019\/03\/home-multispectrale.jpg\" alt=\"Imagerie multispectrale\"><\/a><\/div><div class=\"service-info\"><h5 class=\"service-title\">Imagerie multispectrale<\/h5><p>Nous r\u00e9alisons des images multispectrales \u00e0 l\u2019aide de nos drones sp\u00e9cifiques agricoles emportant comme charge utile des cam\u00e9ras multicanaux et multispectrales haute r\u00e9solution (Red Edge MX, Altum).<\/p>\n<div id=\"ConnectiveDocSignExtentionInstalled\" data-extension-version=\"1.0.4\"><\/div>\n<div class=\"read-more\"><a href=\"http:\/\/www.rpas-at-work.com\/imagerie-multispectrale\" >En savoir plus...<\/a><\/div><\/div><\/div><\/div>[\/vc_column_inner][\/vc_row_inner][vc_empty_space height=\u00a0\u00bb20px\u00a0\u00bb][vc_row_inner el_class=\u00a0\u00bbservices-wrap\u00a0\u00bb][vc_column_inner width=\u00a0\u00bb1\/3&Prime;]<div class=\"roof-services  services-69deddaa2922d \"><div class=\"service-item\"><div class=\"roof-picture\"><a href=\"http:\/\/www.rpas-at-work.com\/imagerie-thermique\"><img decoding=\"async\" src=\"http:\/\/www.rpas-at-work.com\/wp-content\/uploads\/2019\/03\/home-thermique.jpg\" alt=\"Imagerie thermique\"><\/a><\/div><div class=\"service-info\"><h5 class=\"service-title\">Imagerie thermique<\/h5><p>Nous utilisons des drones de haute pr\u00e9cision avec des charges utiles compos\u00e9s de cam\u00e9ras infrarouges pour inspecter l\u2019int\u00e9rieur ou l\u2019ext\u00e9rieur de votre bien et faire un rapport sur les variations de chaleur \u00e0 la surface.<\/p>\n<div id=\"ConnectiveDocSignExtentionInstalled\" data-extension-version=\"1.0.4\"><\/div>\n<div class=\"read-more\"><a href=\"http:\/\/www.rpas-at-work.com\/imagerie-thermique\" >En savoir plus...<\/a><\/div><\/div><\/div><\/div>[\/vc_column_inner][vc_column_inner width=\u00a0\u00bb1\/3&Prime;]<div class=\"roof-services  services-69deddaa29785 \"><div class=\"service-item\"><div class=\"roof-picture\"><a href=\"http:\/\/www.rpas-at-work.com\/photos-videos\"><img decoding=\"async\" src=\"http:\/\/www.rpas-at-work.com\/wp-content\/uploads\/2019\/03\/home-photosVideos.jpg\" alt=\"Photos & vid\u00e9os\"><\/a><\/div><div class=\"service-info\"><h5 class=\"service-title\">Photos & vid\u00e9os<\/h5><p>Nous utilisons nos drones \u00e9quip\u00e9s de cam\u00e9ras et stabilisateurs haute performance pour produire des photos et des vid\u00e9os de qualit\u00e9 professionnelle dans de nombreux secteurs et industries.<\/p>\n<div id=\"ConnectiveDocSignExtentionInstalled\" data-extension-version=\"1.0.4\"><\/div>\n<div class=\"read-more\"><a href=\"http:\/\/www.rpas-at-work.com\/photos-videos\" >En savoir plus...<\/a><\/div><\/div><\/div><\/div>[\/vc_column_inner][vc_column_inner width=\u00a0\u00bb1\/3&Prime;]<div class=\"roof-services  services-69deddaa29aa5 \"><div class=\"service-item\"><div class=\"roof-picture\"><a href=\"http:\/\/www.rpas-at-work.com\/contact\"><img decoding=\"async\" src=\"http:\/\/www.rpas-at-work.com\/wp-content\/uploads\/2019\/03\/home-contact.jpg\" alt=\"Contact\"><\/a><\/div><div class=\"service-info\"><h5 class=\"service-title\">Contact<\/h5><p>Situ\u00e9 dans le zoning industriel des Hauts-Sarts, n&rsquo;h\u00e9sitez pas \u00e0 nous contacter pour de plus amples informations.<\/p>\n<div id=\"ConnectiveDocSignExtentionInstalled\" data-extension-version=\"1.0.4\"><\/div>\n<div class=\"read-more\"><a href=\"http:\/\/www.rpas-at-work.com\/contact\" >En savoir plus...<\/a><\/div><\/div><\/div><\/div>[\/vc_column_inner][\/vc_row_inner][vc_separator][\/vc_column][\/vc_row][vc_row full_width=\u00a0\u00bbstretch_row\u00a0\u00bb parallax=\u00a0\u00bbcontent-moving\u00a0\u00bb parallax_image=\u00a0\u00bb2116&Prime; overlay_dotted=\u00a0\u00bb\u00a0\u00bb css=\u00a0\u00bb.vc_custom_1550585664032{padding-top: 122px !important;padding-bottom: 127px !important;}\u00a0\u00bb overlay_color=\u00a0\u00bbrgba(0,0,0,0.4)\u00a0\u00bb][vc_column]<div class=\"col-md-6 container  parallax-69deddaa29db9  pull-right\"><h2 class=\"quote-title\">La technique est notre expertise.Les drones sont juste nos nouveaux outils.<\/h2><a href=\"http:\/\/www.rpas-at-work.com\/contact\" class=\"roof-btn roof-btn-big\">Contactez nous <i class=\"fa fa-angle-right\" aria-hidden=\"true\"><\/i><\/a><\/div>[\/vc_column][\/vc_row][vc_row overlay_dotted=\u00a0\u00bb\u00a0\u00bb css=\u00a0\u00bb.vc_custom_1497428403681{padding-top: 90px !important;}\u00a0\u00bb][vc_column css=\u00a0\u00bb.vc_custom_1497428412362{padding-top: 0px !important;}\u00a0\u00bb][vc_custom_heading text=\u00a0\u00bb\u00a0\u00bb font_container=\u00a0\u00bbtag:h2|font_size:30|text_align:center\u00a0\u00bb google_fonts=\u00a0\u00bbfont_family:Raleway%3A100%2C200%2C300%2Cregular%2C500%2C600%2C700%2C800%2C900|font_style:700%20bold%20regular%3A700%3Anormal\u00a0\u00bb][vc_column_text][\/vc_column_text][\/vc_column][\/vc_row]<\/p>\n","protected":false},"excerpt":{"rendered":"[vc_row overlay_dotted=\u00a0\u00bb\u00a0\u00bb css=\u00a0\u00bb.vc_custom_1498128154363{background-color: #ffffff !important;}\u00a0\u00bb][vc_column css=\u00a0\u00bb.vc_custom_1497428063250{padding-top: 0px !important;}\u00a0\u00bb][rev_slider_vc alias=\u00a0\u00bbrpas\u00a0\u00bb][vc_row_inner el_class=\u00a0\u00bbservices-wrap\u00a0\u00bb][vc_column_inner width=\u00a0\u00bb1\/3&Prime;][\/vc_column_inner][vc_column_inner width=\u00a0\u00bb1\/3&Prime;][\/vc_column_inner][vc_column_inner width=\u00a0\u00bb1\/3&Prime;][\/vc_column_inner][\/vc_row_inner][vc_empty_space height=\u00a0\u00bb20px\u00a0\u00bb][vc_row_inner el_class=\u00a0\u00bbservices-wrap\u00a0\u00bb][vc_column_inner width=\u00a0\u00bb1\/3&Prime;][\/vc_column_inner][vc_column_inner width=\u00a0\u00bb1\/3&Prime;][\/vc_column_inner][vc_column_inner width=\u00a0\u00bb1\/3&Prime;][\/vc_column_inner][\/vc_row_inner][vc_separator][\/vc_column][\/vc_row][vc_row full_width=\u00a0\u00bbstretch_row\u00a0\u00bb parallax=\u00a0\u00bbcontent-moving\u00a0\u00bb parallax_image=\u00a0\u00bb2116&Prime; overlay_dotted=\u00a0\u00bb\u00a0\u00bb css=\u00a0\u00bb.vc_custom_1550585664032{padding-top: 122px !important;padding-bottom: 127px !important;}\u00a0\u00bb overlay_color=\u00a0\u00bbrgba(0,0,0,0.4)\u00a0\u00bb][vc_column][\/vc_column][\/vc_row][vc_row overlay_dotted=\u00a0\u00bb\u00a0\u00bb css=\u00a0\u00bb.vc_custom_1497428403681{padding-top: 90px !important;}\u00a0\u00bb][vc_column css=\u00a0\u00bb.vc_custom_1497428412362{padding-top: 0px !important;}\u00a0\u00bb][vc_custom_heading text=\u00a0\u00bb\u00a0\u00bb font_container=\u00a0\u00bbtag:h2|font_size:30|text_align:center\u00a0\u00bb google_fonts=\u00a0\u00bbfont_family:Raleway%3A100%2C200%2C300%2Cregular%2C500%2C600%2C700%2C800%2C900|font_style:700%20bold%20regular%3A700%3Anormal\u00a0\u00bb][vc_column_text][\/vc_column_text][\/vc_column][\/vc_row]","protected":false},"author":8,"featured_media":0,"parent":0,"menu_order":0,"comment_status":"closed","ping_status":"closed","template":"","meta":{"footnotes":""},"class_list":["post-2000","page","type-page","status-publish","hentry"],"_links":{"self":[{"href":"http:\/\/www.rpas-at-work.com\/index.php?rest_route=\/wp\/v2\/pages\/2000","targetHints":{"allow":["GET"]}}],"collection":[{"href":"http:\/\/www.rpas-at-work.com\/index.php?rest_route=\/wp\/v2\/pages"}],"about":[{"href":"http:\/\/www.rpas-at-work.com\/index.php?rest_route=\/wp\/v2\/types\/page"}],"author":[{"embeddable":true,"href":"http:\/\/www.rpas-at-work.com\/index.php?rest_route=\/wp\/v2\/users\/8"}],"replies":[{"embeddable":true,"href":"http:\/\/www.rpas-at-work.com\/index.php?rest_route=%2Fwp%2Fv2%2Fcomments&post=2000"}],"version-history":[{"count":107,"href":"http:\/\/www.rpas-at-work.com\/index.php?rest_route=\/wp\/v2\/pages\/2000\/revisions"}],"predecessor-version":[{"id":2605,"href":"http:\/\/www.rpas-at-work.com\/index.php?rest_route=\/wp\/v2\/pages\/2000\/revisions\/2605"}],"wp:attachment":[{"href":"http:\/\/www.rpas-at-work.com\/index.php?rest_route=%2Fwp%2Fv2%2Fmedia&parent=2000"}],"curies":[{"name":"wp","href":"https:\/\/api.w.org\/{rel}","templated":true}]}}