{"id":2121,"date":"2019-02-19T15:26:21","date_gmt":"2019-02-19T14:26:21","guid":{"rendered":"http:\/\/localhost:8888\/rpas\/?page_id=2121"},"modified":"2019-05-04T14:54:00","modified_gmt":"2019-05-04T12:54:00","slug":"eoliennes","status":"publish","type":"page","link":"http:\/\/www.rpas-at-work.com\/?page_id=2121","title":{"rendered":"\u00c9oliennes"},"content":{"rendered":"<p>[vc_row][vc_column][vc_column_text css=\u00a0\u00bb.vc_custom_1556974383861{padding-top: 20px !important;}\u00a0\u00bb]<\/p>\n<h3>Ce que nous faisons<\/h3>\n<p style=\"text-align: justify;\"><img loading=\"lazy\" decoding=\"async\" class=\"alignleft wp-image-2349\" src=\"http:\/\/www.rpas-at-work.com\/wp-content\/uploads\/2019\/03\/eoliennes-1024x776.jpg\" alt=\"\" width=\"400\" height=\"303\" srcset=\"http:\/\/www.rpas-at-work.com\/wp-content\/uploads\/2019\/03\/eoliennes-1024x776.jpg 1024w, http:\/\/www.rpas-at-work.com\/wp-content\/uploads\/2019\/03\/eoliennes-300x227.jpg 300w, http:\/\/www.rpas-at-work.com\/wp-content\/uploads\/2019\/03\/eoliennes-768x582.jpg 768w\" sizes=\"auto, (max-width: 400px) 100vw, 400px\" \/>Nous effectuons des inspections d&rsquo;\u00e9oliennes en utilisant les technologies et techniques de pointe en mati\u00e8re de drones.<\/p>\n<p style=\"text-align: justify;\">Nous sommes certifi\u00e9s par l\u2019organisme Allemand pour l\u2019inspection des A\u00e9rog\u00e9n\u00e9rateurs et produisons des rapports certifi\u00e9s et reconnus par les soci\u00e9t\u00e9s de maintenance et r\u00e9paration ainsi que par les gestionnaires exploitants.<\/p>\n<p style=\"text-align: justify;\">Nous r\u00e9alisons des expertises et contre expertises certifi\u00e9es avant et\/ou apr\u00e8s r\u00e9parations des structures.<\/p>\n<p style=\"text-align: justify;\">Nos inspections d\u2019\u00e9oliennes sont effectu\u00e9es \u00e0 l&rsquo;aide du drone \u00e9quip\u00e9 d\u2019une cam\u00e9ra ultra performante Sony avec t\u00e9l\u00e9objectif de 1850mm enti\u00e8rement stabilis\u00e9e (\u00e9quivalent 24&#215;36). Cet objectif nous permet de travailler \u00e0 une distance de s\u00e9curit\u00e9 tr\u00e8s importante par rapport \u00e0 l\u2019\u00e9olienne \u00e0 inspecter tout en gardant une r\u00e9solution des images maximale. Nous n\u2019utilisons pas de fonction zoom num\u00e9rique donc pas de pixellisation des images.<\/p>\n<p style=\"text-align: justify;\">Notre drone d\u00e9di\u00e9 \u00e0 ces travaux poss\u00e8de une redondance compl\u00e8te des commandes et des contr\u00f4leurs de vols, il est extr\u00eamement stable, poss\u00e8de deux parachutes de secours afin de garantir une inspection encore plus s\u00fbre et efficace des structures et du personnel au sol.<\/p>\n<p>&nbsp;<\/p>\n<div id=\"ConnectiveDocSignExtentionInstalled\" data-extension-version=\"1.0.4\"><\/div>\n<p>[\/vc_column_text][\/vc_column][\/vc_row][vc_row][vc_column][vc_column_text]<\/p>\n<h3>Avantages<\/h3>\n<p>Notre \u00e9quipe d\u2019experts \u00e9quip\u00e9s de drones peut inspecter les \u00e9oliennes jusqu\u2019\u00e0 5 fois plus rapidement que les techniques d\u2019inspection traditionnelles, r\u00e9duisant ainsi le temps d\u2019immobilisation.<\/p>\n<p>Nous inspectons les pales, la nacelle et la tour sans avoir \u00e0 effectuer de \u00abtravaux sur cordes\u00bb co\u00fbteux ou \u00e0 travailler en hauteur et pouvons acc\u00e9der \u00e0 des zones pr\u00e9c\u00e9demment consid\u00e9r\u00e9es comme trop dangereuses ou trop co\u00fbteuses.<\/p>\n<p>&nbsp;<\/p>\n<div id=\"ConnectiveDocSignExtentionInstalled\" data-extension-version=\"1.0.4\"><\/div>\n<p>[\/vc_column_text][\/vc_column][\/vc_row][vc_row][vc_column][vc_column_text el_class=\u00a0\u00bbcustom-li\u00a0\u00bb]<\/p>\n<h3>Certains des principaux avantages comprennent<\/h3>\n<ul>\n<li>R\u00e9duction importante des temps d&rsquo;arr\u00eat ;<\/li>\n<li>Rentabilit\u00e9 accrue ;<\/li>\n<li>Plus rapide que les techniques traditionnelles de cordistes et grues\/nacelles ;<\/li>\n<li>Risque r\u00e9duit pour le personnel et les structures ;<\/li>\n<li>Acc\u00e8s \u00e0 la nacelle non n\u00e9cessaire.<\/li>\n<\/ul>\n<div id=\"ConnectiveDocSignExtentionInstalled\" data-extension-version=\"1.0.4\"><\/div>\n<p>[\/vc_column_text][\/vc_column][\/vc_row][vc_row][vc_column][vc_empty_space height=\u00a0\u00bb100px\u00a0\u00bb][\/vc_column][\/vc_row]<\/p>\n","protected":false},"excerpt":{"rendered":"[vc_row][vc_column][vc_column_text css=\u00a0\u00bb.vc_custom_1556974383861{padding-top: 20px !important;}\u00a0\u00bb] Ce que nous faisons Nous effectuons des inspections d&rsquo;\u00e9oliennes en utilisant les technologies et techniques de pointe en mati\u00e8re de drones. Nous sommes certifi\u00e9s par l\u2019organisme Allemand pour l\u2019inspection des A\u00e9rog\u00e9n\u00e9rateurs et produisons des rapports certifi\u00e9s et reconnus par les soci\u00e9t\u00e9s de maintenance et r\u00e9paration ainsi que par les gestionnaires exploitants.[&#8230;]","protected":false},"author":8,"featured_media":0,"parent":0,"menu_order":0,"comment_status":"closed","ping_status":"closed","template":"","meta":{"footnotes":""},"class_list":["post-2121","page","type-page","status-publish","hentry"],"_links":{"self":[{"href":"http:\/\/www.rpas-at-work.com\/index.php?rest_route=\/wp\/v2\/pages\/2121","targetHints":{"allow":["GET"]}}],"collection":[{"href":"http:\/\/www.rpas-at-work.com\/index.php?rest_route=\/wp\/v2\/pages"}],"about":[{"href":"http:\/\/www.rpas-at-work.com\/index.php?rest_route=\/wp\/v2\/types\/page"}],"author":[{"embeddable":true,"href":"http:\/\/www.rpas-at-work.com\/index.php?rest_route=\/wp\/v2\/users\/8"}],"replies":[{"embeddable":true,"href":"http:\/\/www.rpas-at-work.com\/index.php?rest_route=%2Fwp%2Fv2%2Fcomments&post=2121"}],"version-history":[{"count":34,"href":"http:\/\/www.rpas-at-work.com\/index.php?rest_route=\/wp\/v2\/pages\/2121\/revisions"}],"predecessor-version":[{"id":2593,"href":"http:\/\/www.rpas-at-work.com\/index.php?rest_route=\/wp\/v2\/pages\/2121\/revisions\/2593"}],"wp:attachment":[{"href":"http:\/\/www.rpas-at-work.com\/index.php?rest_route=%2Fwp%2Fv2%2Fmedia&parent=2121"}],"curies":[{"name":"wp","href":"https:\/\/api.w.org\/{rel}","templated":true}]}}