{"id":2124,"date":"2019-02-19T15:26:58","date_gmt":"2019-02-19T14:26:58","guid":{"rendered":"http:\/\/localhost:8888\/rpas\/?page_id=2124"},"modified":"2019-05-04T15:20:08","modified_gmt":"2019-05-04T13:20:08","slug":"ponts-barrages","status":"publish","type":"page","link":"http:\/\/www.rpas-at-work.com\/?page_id=2124","title":{"rendered":"Ponts &#038; Barrages"},"content":{"rendered":"<p>[vc_row][vc_column][vc_column_text css=\u00a0\u00bb.vc_custom_1556976004745{padding-top: 20px !important;}\u00a0\u00bb]<\/p>\n<p style=\"text-align: justify;\"><img loading=\"lazy\" decoding=\"async\" class=\"alignright wp-image-2372\" src=\"http:\/\/www.rpas-at-work.com\/wp-content\/uploads\/2019\/03\/Pont-300x169.jpg\" alt=\"\" width=\"500\" height=\"281\" srcset=\"http:\/\/www.rpas-at-work.com\/wp-content\/uploads\/2019\/03\/Pont-300x169.jpg 300w, http:\/\/www.rpas-at-work.com\/wp-content\/uploads\/2019\/03\/Pont-768x432.jpg 768w, http:\/\/www.rpas-at-work.com\/wp-content\/uploads\/2019\/03\/Pont-1024x576.jpg 1024w, http:\/\/www.rpas-at-work.com\/wp-content\/uploads\/2019\/03\/Pont.jpg 1920w\" sizes=\"auto, (max-width: 500px) 100vw, 500px\" \/>D\u00e9tection des d\u00e9fauts dans les structures g\u00e9n\u00e9rales en b\u00e9ton, corrosion des armatures, points d\u2019ancrages, sabots, glissi\u00e8res de roulement, structures \u00e9lectriques et hydrauliques.<\/p>\n<h3>Ce que nous faisons<\/h3>\n<p style=\"text-align: justify;\">Nos inspections de ponts et barrages sont effectu\u00e9es \u00e0 l&rsquo;aide du drone \u00e9quip\u00e9 d\u2019une cam\u00e9ra ultra performante Sony avec t\u00e9l\u00e9objectif de 1850mm enti\u00e8rement stabilis\u00e9e (\u00e9quivalent 24&#215;36).<\/p>\n<p style=\"text-align: justify;\">Notre drone d\u00e9di\u00e9 \u00e0 ces travaux poss\u00e8de une redondance compl\u00e8te des commandes et des contr\u00f4leurs de vols, il est extr\u00eamement stable, poss\u00e8de deux parachutes de secours afin de garantir une inspection encore plus s\u00fbre et efficace des structures et du personnel au sol.<\/p>\n<div id=\"ConnectiveDocSignExtentionInstalled\" data-extension-version=\"1.0.4\"><\/div>\n<p>[\/vc_column_text][\/vc_column][\/vc_row][vc_row][vc_column][vc_column_text css=\u00a0\u00bb.vc_custom_1552134107924{margin-top: -30px !important;}\u00a0\u00bb]<\/p>\n<h3 style=\"text-align: justify;\">Avantages<\/h3>\n<p style=\"text-align: justify;\">Nos drones peuvent inspecter les ponts consid\u00e9r\u00e9s comme difficiles, dangereux, co\u00fbteux en temps et en argent par les techniques classiques d\u2019inspection de ponts \/ structures et barrages, telles que le \u00abtravail \u00e0 la corde\u00bb et l\u2019acc\u00e8s aux \u00e9chafaudages. Cela permet des \u00e9conomies de temps et de ressources consid\u00e9rables.<\/p>\n<div id=\"ConnectiveDocSignExtentionInstalled\" data-extension-version=\"1.0.4\"><\/div>\n<p>[\/vc_column_text][\/vc_column][\/vc_row][vc_row][vc_column][vc_column_text el_class=\u00a0\u00bbcustom-li\u00a0\u00bb]<\/p>\n<h3>Certains des principaux avantages comprennent<\/h3>\n<ul>\n<li>\u00c9conomies importantes sur les co\u00fbts ;<\/li>\n<li>Moins de temps pass\u00e9 sur le site ;<\/li>\n<li>Les zones d&rsquo;acc\u00e8s pr\u00e9c\u00e9demment consid\u00e9r\u00e9es comme peu pratiques ou trop dangereuses deviennent accessibles ;<\/li>\n<li>Inspection facile du dessous des tabliers de pont traversant les cours d\u2019eau ;<\/li>\n<li>\u00c9limination du besoin de travaux utilisant des barges couteuses et g\u00eanant le trafic fluvial ;<\/li>\n<li>R\u00e9duction des ressources n\u00e9cessaires sur le site, \u00abtravaux en hauteur\u00bb, \u00abtravaux sur cordes\u00bb ou \u00abutilisation de nacelles \/ \u00e9chafaudages\u00bb ;<\/li>\n<li>Aucune perturbation de la circulation au-dessus ou en dessous du pont.<\/li>\n<\/ul>\n<div id=\"ConnectiveDocSignExtentionInstalled\" data-extension-version=\"1.0.4\"><\/div>\n<p>[\/vc_column_text][\/vc_column][\/vc_row][vc_row][vc_column][vc_empty_space height=\u00a0\u00bb100px\u00a0\u00bb][\/vc_column][\/vc_row]<\/p>\n","protected":false},"excerpt":{"rendered":"[vc_row][vc_column][vc_column_text css=\u00a0\u00bb.vc_custom_1556976004745{padding-top: 20px !important;}\u00a0\u00bb] D\u00e9tection des d\u00e9fauts dans les structures g\u00e9n\u00e9rales en b\u00e9ton, corrosion des armatures, points d\u2019ancrages, sabots, glissi\u00e8res de roulement, structures \u00e9lectriques et hydrauliques. Ce que nous faisons Nos inspections de ponts et barrages sont effectu\u00e9es \u00e0 l&rsquo;aide du drone \u00e9quip\u00e9 d\u2019une cam\u00e9ra ultra performante Sony avec t\u00e9l\u00e9objectif de 1850mm enti\u00e8rement stabilis\u00e9e (\u00e9quivalent[&#8230;]","protected":false},"author":8,"featured_media":0,"parent":0,"menu_order":0,"comment_status":"closed","ping_status":"closed","template":"","meta":{"footnotes":""},"class_list":["post-2124","page","type-page","status-publish","hentry"],"_links":{"self":[{"href":"http:\/\/www.rpas-at-work.com\/index.php?rest_route=\/wp\/v2\/pages\/2124","targetHints":{"allow":["GET"]}}],"collection":[{"href":"http:\/\/www.rpas-at-work.com\/index.php?rest_route=\/wp\/v2\/pages"}],"about":[{"href":"http:\/\/www.rpas-at-work.com\/index.php?rest_route=\/wp\/v2\/types\/page"}],"author":[{"embeddable":true,"href":"http:\/\/www.rpas-at-work.com\/index.php?rest_route=\/wp\/v2\/users\/8"}],"replies":[{"embeddable":true,"href":"http:\/\/www.rpas-at-work.com\/index.php?rest_route=%2Fwp%2Fv2%2Fcomments&post=2124"}],"version-history":[{"count":19,"href":"http:\/\/www.rpas-at-work.com\/index.php?rest_route=\/wp\/v2\/pages\/2124\/revisions"}],"predecessor-version":[{"id":2599,"href":"http:\/\/www.rpas-at-work.com\/index.php?rest_route=\/wp\/v2\/pages\/2124\/revisions\/2599"}],"wp:attachment":[{"href":"http:\/\/www.rpas-at-work.com\/index.php?rest_route=%2Fwp%2Fv2%2Fmedia&parent=2124"}],"curies":[{"name":"wp","href":"https:\/\/api.w.org\/{rel}","templated":true}]}}