{"id":2127,"date":"2019-02-19T15:28:09","date_gmt":"2019-02-19T14:28:09","guid":{"rendered":"http:\/\/localhost:8888\/rpas\/?page_id=2127"},"modified":"2019-05-04T15:16:04","modified_gmt":"2019-05-04T13:16:04","slug":"photogrammetrie","status":"publish","type":"page","link":"http:\/\/www.rpas-at-work.com\/?page_id=2127","title":{"rendered":"Photogramm\u00e9trie"},"content":{"rendered":"<p>[vc_row][vc_column][vc_column_text]<\/p>\n<p>[\/vc_column_text][vc_column_text]<\/p>\n<p style=\"text-align: justify;\">Rpas At Work utilise les plateformes de drones et les capteurs les plus avanc\u00e9s pour la r\u00e9alisation de relev\u00e9s a\u00e9riens et la cartographie. Ces drones sont de plus \u00e9quip\u00e9s de multiples syst\u00e8mes de s\u00e9curit\u00e9, dont des parachutes de secours.<\/p>\n<h3>Ce que nous faisons<\/h3>\n<p style=\"text-align: justify;\"><img loading=\"lazy\" decoding=\"async\" class=\"alignleft wp-image-2401\" src=\"http:\/\/www.rpas-at-work.com\/wp-content\/uploads\/2019\/03\/leves-topographiques-par-drone-300x169.jpg\" alt=\"\" width=\"460\" height=\"259\" srcset=\"http:\/\/www.rpas-at-work.com\/wp-content\/uploads\/2019\/03\/leves-topographiques-par-drone-300x169.jpg 300w, http:\/\/www.rpas-at-work.com\/wp-content\/uploads\/2019\/03\/leves-topographiques-par-drone-768x432.jpg 768w, http:\/\/www.rpas-at-work.com\/wp-content\/uploads\/2019\/03\/leves-topographiques-par-drone.jpg 868w\" sizes=\"auto, (max-width: 460px) 100vw, 460px\" \/>Nous utilisons une m\u00e9thode de lev\u00e9 a\u00e9rien consistant \u00e0 piloter un v\u00e9hicule a\u00e9rien sans pilote (RPAS) au-dessus d&rsquo;une zone sp\u00e9cifique pour acqu\u00e9rir des images a\u00e9riennes \u00e0 haute r\u00e9solution et des donn\u00e9es g\u00e9o r\u00e9f\u00e9renc\u00e9es.<\/p>\n<p style=\"text-align: justify;\">Ces donn\u00e9es sont trait\u00e9es et analys\u00e9es en interne pour cr\u00e9er des dessins \u00e0 l\u2019\u00e9chelle fid\u00e8le, des mod\u00e8les DTM, des mod\u00e8les BIM, de l\u2019ortho-mosa\u00efque, de l\u2019ortho-imagerie, des photos et des nuages \u200b\u200bde points 3D, des visites \u00e0 360 degr\u00e9s et de nombreux autres produits.<\/p>\n<p style=\"text-align: justify;\">Les donn\u00e9es produites peuvent \u00eatre livr\u00e9es dans des formats standards (Donn\u00e9es Raw, Cartes d\u00e9taill\u00e9es, Rapports,..) ou h\u00e9berg\u00e9es sur notre plateforme en ligne s\u00e9curis\u00e9e.<\/p>\n<p>[\/vc_column_text][\/vc_column][\/vc_row][vc_row overlay_dotted=\u00a0\u00bb\u00a0\u00bb][vc_column][vc_column_text el_class=\u00a0\u00bbcustom-li\u00a0\u00bb css=\u00a0\u00bb.vc_custom_1552231362422{padding-top: 40px !important;}\u00a0\u00bb]<\/p>\n<h3>Avantages cl\u00e9s<\/h3>\n<ul>\n<li>Plus rentable que les techniques d&rsquo;arpentage traditionnelles ;<\/li>\n<li>D\u00e9ploiement rapide ;<\/li>\n<li>\u00c9tudie des zones dangereuses avec un acc\u00e8s au sol minimal \u00e9vitant ainsi la circulation parmi les chargeuses, concasseurs, sauterelles,\u2026 ;<\/li>\n<li>R\u00e9duction du temps pass\u00e9 sur le site gr\u00e2ce \u00e0 la collecte rapide de donn\u00e9es ;<\/li>\n<li>Zones d&rsquo;\u00e9tude inaccessibles aux techniques d&rsquo;arpentage traditionnelles ;<\/li>\n<li>Zones de surveillance qui ne conviennent pas aux a\u00e9ronefs pilot\u00e9s ;<\/li>\n<li>R\u00e9duction des risques li\u00e9s aux \u00abtravaux en hauteur\u00bb ;<\/li>\n<li>Acc\u00e9der \u00e0 des espaces confin\u00e9s ou potentiellement dangereux ;<\/li>\n<li>R\u00e9duire les exigences de gestion du trafic li\u00e9 \u00e0 la prestation ;<\/li>\n<li>Minimiser les pr\u00e9sences au sol \u00e0 proximit\u00e9 des infrastructures ferroviaire.<\/li>\n<\/ul>\n<div id=\"ConnectiveDocSignExtentionInstalled\" data-extension-version=\"1.0.4\"><\/div>\n<p>[\/vc_column_text][\/vc_column][\/vc_row][vc_row][vc_column][vc_column_text]<\/p>\n<h3>Notre m\u00e9thodologie<\/h3>\n<p style=\"text-align: justify;\">Pour assurer la pr\u00e9cision, notre \u00e9quipe de vol \u00e9tablira si n\u00e9cessaire des points de contr\u00f4le au sol (GCP) temporaires dans l\u2019ensemble de la zone de lev\u00e9 (Mat\u00e9riel en ordre de calibration Leica ou Trimble RTK) . Les GCP sont coordonn\u00e9s \u00e0 l\u2019aide de GNSS RTK de haute pr\u00e9cision et utilis\u00e9s dans le cadre de la proc\u00e9dure de traitement des donn\u00e9es afin de contr\u00f4ler la pr\u00e9cision de la position de l\u2019\u00e9tude.<\/p>\n<p style=\"text-align: justify;\">\u00c0 l&rsquo;aide de drones sp\u00e9cifiques \u00e0 l\u2019application, notre \u00e9quipe appliquera des techniques de contr\u00f4le de vol automatis\u00e9es pour parcourir la zone d&rsquo;\u00e9tude selon un quadrillage pr\u00e9 d\u00e9fini \u00e0 basse altitude (max 90m ou plus sous r\u00e9serve de d\u00e9rogation accept\u00e9e par l\u2019administration du pays) et enregistrera des images haute r\u00e9solution g\u00e9o r\u00e9f\u00e9renc\u00e9es avec un certain taux de chevauchement des images et des angles de captures multiples.<\/p>\n<p style=\"text-align: justify;\">Notre \u00e9quipe interne de photogramm\u00e9tristes, g\u00e9om\u00e8tres, mod\u00e9lisateurs BIM et techniciens en CAO utilise des logiciels de photogramm\u00e9trie de pointe et des workflows exclusifs pour produire des r\u00e9sultats de lev\u00e9s de haute pr\u00e9cision.<\/p>\n<div id=\"ConnectiveDocSignExtentionInstalled\" data-extension-version=\"1.0.4\"><\/div>\n<p>[\/vc_column_text][\/vc_column][\/vc_row][vc_row][vc_column][vc_column_text]<\/p>\n<h3>Ce que nous pouvons livrer<\/h3>\n<p>&nbsp;<\/p>\n<h4>Lev\u00e9s topographiques par drones<img loading=\"lazy\" decoding=\"async\" class=\"alignright wp-image-2413\" src=\"http:\/\/www.rpas-at-work.com\/wp-content\/uploads\/2019\/03\/calculs-volumetriques-en-mine-carrieres-Spanolux-cubages-1024x640.jpg\" alt=\"\" width=\"800\" height=\"500\" srcset=\"http:\/\/www.rpas-at-work.com\/wp-content\/uploads\/2019\/03\/calculs-volumetriques-en-mine-carrieres-Spanolux-cubages-1024x640.jpg 1024w, http:\/\/www.rpas-at-work.com\/wp-content\/uploads\/2019\/03\/calculs-volumetriques-en-mine-carrieres-Spanolux-cubages-300x188.jpg 300w, http:\/\/www.rpas-at-work.com\/wp-content\/uploads\/2019\/03\/calculs-volumetriques-en-mine-carrieres-Spanolux-cubages-768x480.jpg 768w, http:\/\/www.rpas-at-work.com\/wp-content\/uploads\/2019\/03\/calculs-volumetriques-en-mine-carrieres-Spanolux-cubages.jpg 1080w\" sizes=\"auto, (max-width: 800px) 100vw, 800px\" \/><\/h4>\n<p style=\"text-align: justify;\">Des cartes fid\u00e8les r\u00e9alis\u00e9es \u00e0 l&rsquo;\u00e9chelle avec des caract\u00e9ristiques repr\u00e9sent\u00e9es par des contours, du texte et des symboles standards Iso fournis sur des plates-formes courantes telles que AutoCAD, Autodesk, Surpac, Vulcan, Datamine,PDF ou des fichiers texte.<\/p>\n<p>&nbsp;<\/p>\n<h4>Ortho-photos et ortho-mosa\u00efques haute r\u00e9solution<\/h4>\n<p style=\"text-align: justify;\">Utilisation de drones pour cr\u00e9er des images coordonn\u00e9es \u00e0 l&rsquo;\u00e9chelle, \u00e0 partir desquelles des mesures directes peuvent \u00eatre d\u00e9termin\u00e9es.<\/p>\n<p>&nbsp;<\/p>\n<h4>Sorties SIG et CAO<\/h4>\n<p style=\"text-align: justify;\">Tous les r\u00e9sultats de nos \u00e9tudes peuvent \u00eatre facilement export\u00e9s dans des formats GOS standard de l&rsquo;industrie.<\/p>\n<p>&nbsp;<\/p>\n<h4>Mod\u00e8les 3D et BIM<\/h4>\n<p style=\"text-align: justify;\">Mod\u00e8les textur\u00e9s, stratifi\u00e9s, photor\u00e9alistes et intelligents utilisant les technologies de cartographie a\u00e9rienne avec des r\u00e9sultats fournis pour les logiciels BIM tels qu&rsquo;AutoCAD et Autodesk (Revit).<\/p>\n<p>&nbsp;<\/p>\n<h4>Inspection de Buildings et Structures<\/h4>\n<p style=\"text-align: justify;\">Les b\u00e2timents \u00e9lev\u00e9s et certaines structures telles que les ponts, mats d\u2019antennes, \u00e9oliennes peuvent \u00eatre difficiles d\u2019acc\u00e8s pour appliquer les techniques classiques de relev\u00e9s et d\u2019inspection. Nos services de pont et de b\u00e2timent de Rpas At Work rendent ces travaux faciles et les r\u00e9sultats rapides.<\/p>\n<p>&nbsp;<\/p>\n<h4>Inspections de toits et plateformes<\/h4>\n<p style=\"text-align: justify;\">Nos drones permettent de r\u00e9aliser des inspections de toits et structures a\u00e9riennes inaccessibles de mani\u00e8re tr\u00e8s rapide et ce sans utilisation de grues, cordistes et installation de syst\u00e8mes de s\u00e9curit\u00e9 antichute conformes aux normes en vigueur.<\/p>\n<p>&nbsp;<\/p>\n<h4>Cartographie de contour, MNT et niveaux de points<\/h4>\n<p style=\"text-align: justify;\">Nos drones permettent de r\u00e9aliser des \u00e9tudes sur de larges zones tr\u00e8s rapidement afin de cr\u00e9er des cartes de contour \u00e0 couts r\u00e9duits.<\/p>\n<p>&nbsp;<\/p>\n<h4>R\u00e9alisation de nuages de points<\/h4>\n<p style=\"text-align: justify;\">Fourniture de donn\u00e9es Nuages de points (Data Point Cloud) de vastes zones \u00e0 utiliser dans des logiciels standards de l\u2019industrie.<\/p>\n<p>&nbsp;<\/p>\n<h4>Calculs volum\u00e9triques en mines, carri\u00e8res<\/h4>\n<p style=\"text-align: justify;\">Nos machines et le traitement logiciel adapt\u00e9 permettent de calculer rapidement et en toute s\u00e9curit\u00e9 les cubatures de vos extractions mini\u00e8res, terrassements, stockages au sol, coubes de niveau, orthophotographies,&#8230;<\/p>\n<p style=\"text-align: justify;\">Relev\u00e9s d\u2019exploitation : relev\u00e9s de fronts, mod\u00e8les num\u00e9riques, plans r\u00e9glementaires, r\u00e9conciliation, courbes de niveau, garanties financi\u00e8res, calcul de r\u00e9serves, suivi environnemental et plan d\u2019exploitation \/ phasage<\/p>\n<p style=\"text-align: justify;\">Comparaison des stocks au sol, calcul des volumes extraits, v\u00e9rification des r\u00e9sultats de tirs, plan de circulation, drainage,\u2026<\/p>\n<p style=\"text-align: justify;\">Marketing\u00a0: vid\u00e9os, photos, impression 3D\u00a0!, Pdf 3D pour vos actionnaires, clients, investisseurs, \u2026<\/p>\n<p>&nbsp;<\/p>\n<h4>Relev\u00e9s des terrains c\u00f4tiers<\/h4>\n<p style=\"text-align: justify;\">\u00c9tudiez les zones c\u00f4ti\u00e8res autrement inaccessibles avec pr\u00e9cision et de mani\u00e8re rentable en utilisant des relev\u00e9s par drones.<\/p>\n<p>&nbsp;<\/p>\n<h4>Cartographie des inondations par drones<\/h4>\n<p style=\"text-align: justify;\">Nos drones permettent d&rsquo;acc\u00e9der aux zones inond\u00e9es et d&rsquo;en faire la cartographie.<\/p>\n<p>&nbsp;<\/p>\n<h4>Cartographie des berges des lits de fleuves, rivi\u00e8res<\/h4>\n<p style=\"text-align: justify;\">Nous pouvons effectuer des \u00e9tudes de contours des rivi\u00e8res, \u00e9tat de la v\u00e9g\u00e9tation, envahissement des herbiers et m\u00eame relev\u00e9s 3d des lits des cours d\u2019eau (sous r\u00e9serve de limpidit\u00e9 et non perturbation de la surface de l\u2019eau).<\/p>\n<p>&nbsp;<\/p>\n<h4>Relev\u00e9s de d\u00e9g\u00e2ts subits aux terrains, exploitations<\/h4>\n<p style=\"text-align: justify;\">Principalement pour les compagnies d\u2019assurances avec lesquelles nous travaillons depuis des ann\u00e9es mais aussi pour les exploitants et particuliers, nous effectuons des relev\u00e9s photogramm\u00e9triques a\u00e9riens des d\u00e9g\u00e2ts du feu sur des exploitations c\u00e9r\u00e9ali\u00e8res, foresti\u00e8res et b\u00e2timents. D\u00e9g\u00e2ts des animaux sauvages sur les terrains, r\u00e9coltes et jardins (principalement par les sangliers).<\/p>\n<div id=\"ConnectiveDocSignExtentionInstalled\" data-extension-version=\"1.0.4\"><\/div>\n<p>[\/vc_column_text][\/vc_column][\/vc_row][vc_row][vc_column][vc_empty_space height=\u00a0\u00bb100px\u00a0\u00bb][\/vc_column][\/vc_row]<\/p>\n","protected":false},"excerpt":{"rendered":"[vc_row][vc_column][vc_column_text] [\/vc_column_text][vc_column_text] Rpas At Work utilise les plateformes de drones et les capteurs les plus avanc\u00e9s pour la r\u00e9alisation de relev\u00e9s a\u00e9riens et la cartographie. Ces drones sont de plus \u00e9quip\u00e9s de multiples syst\u00e8mes de s\u00e9curit\u00e9, dont des parachutes de secours. Ce que nous faisons Nous utilisons une m\u00e9thode de lev\u00e9 a\u00e9rien consistant \u00e0 piloter[&#8230;]","protected":false},"author":8,"featured_media":0,"parent":0,"menu_order":0,"comment_status":"closed","ping_status":"closed","template":"","meta":{"footnotes":""},"class_list":["post-2127","page","type-page","status-publish","hentry"],"_links":{"self":[{"href":"http:\/\/www.rpas-at-work.com\/index.php?rest_route=\/wp\/v2\/pages\/2127","targetHints":{"allow":["GET"]}}],"collection":[{"href":"http:\/\/www.rpas-at-work.com\/index.php?rest_route=\/wp\/v2\/pages"}],"about":[{"href":"http:\/\/www.rpas-at-work.com\/index.php?rest_route=\/wp\/v2\/types\/page"}],"author":[{"embeddable":true,"href":"http:\/\/www.rpas-at-work.com\/index.php?rest_route=\/wp\/v2\/users\/8"}],"replies":[{"embeddable":true,"href":"http:\/\/www.rpas-at-work.com\/index.php?rest_route=%2Fwp%2Fv2%2Fcomments&post=2127"}],"version-history":[{"count":24,"href":"http:\/\/www.rpas-at-work.com\/index.php?rest_route=\/wp\/v2\/pages\/2127\/revisions"}],"predecessor-version":[{"id":2597,"href":"http:\/\/www.rpas-at-work.com\/index.php?rest_route=\/wp\/v2\/pages\/2127\/revisions\/2597"}],"wp:attachment":[{"href":"http:\/\/www.rpas-at-work.com\/index.php?rest_route=%2Fwp%2Fv2%2Fmedia&parent=2127"}],"curies":[{"name":"wp","href":"https:\/\/api.w.org\/{rel}","templated":true}]}}