{"id":2130,"date":"2019-02-19T15:29:57","date_gmt":"2019-02-19T14:29:57","guid":{"rendered":"http:\/\/localhost:8888\/rpas\/?page_id=2130"},"modified":"2019-05-04T15:21:08","modified_gmt":"2019-05-04T13:21:08","slug":"imagerie-multispectrale","status":"publish","type":"page","link":"http:\/\/www.rpas-at-work.com\/?page_id=2130","title":{"rendered":"Imagerie multispectrale"},"content":{"rendered":"<p>[vc_row][vc_column][vc_column_text css=\u00a0\u00bb.vc_custom_1552234736319{padding-top: 20px !important;}\u00a0\u00bb]<\/p>\n<h3>Ce que nous faisons<\/h3>\n<p style=\"text-align: justify;\">Nous r\u00e9alisons des images multispectrales \u00e0 l\u2019aide de nos drones sp\u00e9cifiques agricoles emportant comme charge utile des cam\u00e9ras multicanaux et multispectrales haute r\u00e9solution (Red Edge MX, Altum).<\/p>\n<p style=\"text-align: justify;\">La technique est utilis\u00e9e dans un large \u00e9ventail d&rsquo;applications, notamment l&rsquo;analyse pr\u00e9cise de l\u2019\u00e9tat des cultures, vignes et forets. Les \u00e9valuations environnementales et diff\u00e9rents projets de recherche.<\/p>\n<p style=\"text-align: justify;\">Pour assurer la pr\u00e9cision, notre \u00e9quipe de vol \u00e9tablira si n\u00e9cessaire des points de contr\u00f4le au sol (GCP) temporaires dans l\u2019ensemble de la zone de lev\u00e9 (Mat\u00e9riel en ordre de calibration Leica ou Trimble RTK) . Les GCP sont coordonn\u00e9s \u00e0 l\u2019aide de GNSS RTK de haute pr\u00e9cision et utilis\u00e9s dans le cadre de la proc\u00e9dure de traitement des donn\u00e9es afin de contr\u00f4ler la pr\u00e9cision de la position de l\u2019\u00e9tude.<\/p>\n<div id=\"ConnectiveDocSignExtentionInstalled\" data-extension-version=\"1.0.4\"><\/div>\n<p>[\/vc_column_text][\/vc_column][\/vc_row][vc_row][vc_column][vc_column_text el_class=\u00a0\u00bbcustom-li\u00a0\u00bb]<\/p>\n<h3>Avantages<\/h3>\n<p>&nbsp;<\/p>\n<h4>Agriculture de pr\u00e9cision<\/h4>\n<ul>\n<li>Mesurer la biomasse des vignes, cultures et arboriculture ;<img loading=\"lazy\" decoding=\"async\" class=\"alignright wp-image-2420\" src=\"http:\/\/www.rpas-at-work.com\/wp-content\/uploads\/2019\/03\/Imagerie-multispectrale-300x173.jpg\" alt=\"\" width=\"460\" height=\"266\" srcset=\"http:\/\/www.rpas-at-work.com\/wp-content\/uploads\/2019\/03\/Imagerie-multispectrale-300x173.jpg 300w, http:\/\/www.rpas-at-work.com\/wp-content\/uploads\/2019\/03\/Imagerie-multispectrale-768x444.jpg 768w, http:\/\/www.rpas-at-work.com\/wp-content\/uploads\/2019\/03\/Imagerie-multispectrale.jpg 1016w\" sizes=\"auto, (max-width: 460px) 100vw, 460px\" \/><\/li>\n<li>D\u00e9terminer le bilan hydrique des plantations, terrains de sport, parcs de loisirs\u2026 ;<\/li>\n<li>Identifier les zones de mauvaises r\u00e9coltes effectives ou potentielles ;<\/li>\n<li>G\u00e9rer les cultures, le sol, la fertilisation et l&rsquo;irrigation plus efficacement ;<\/li>\n<li>Identifier les parasites, les maladies et les mauvaises herbes ;<\/li>\n<li>Compter les plantes et d\u00e9terminer les probl\u00e8mes de population ou d&rsquo;espacement ;<\/li>\n<li>Minimiser l&rsquo;utilisation de sprays, d&rsquo;engrais, la surconsommation d\u2019eau ;<\/li>\n<li>Fournir des donn\u00e9es sur la fertilit\u00e9 du sol et affiner la fertilisation en d\u00e9tectant les carences en \u00e9l\u00e9ments nutritifs ;<\/li>\n<li>G\u00e9n\u00e9rer des rapports et ou des cartes de valeurs g\u00e9o r\u00e9f\u00e9renc\u00e9es directement utilisables par le mat\u00e9riel agricole geo positionn\u00e9 (RTK) afin de r\u00e9aliser efficacement les travaux agricoles, viticoles et forestiers.<\/li>\n<\/ul>\n<p>&nbsp;<\/p>\n<h4>Environnement<\/h4>\n<ul>\n<li>D\u00e9tection de la pollution marine et fluviale ;<\/li>\n<li>D\u00e9terminer des donn\u00e9es pr\u00e9cises telles que la quantit\u00e9, la hauteur et les types d&rsquo;arbres pour la conservation de la for\u00eat et l&rsquo;identification de la v\u00e9g\u00e9tation ;<\/li>\n<li>Surveiller les zones d&rsquo;inondations potentielles ;<\/li>\n<li>Identifier le contenu organique dans l&rsquo;eau, les herbiers, la pollution.<\/li>\n<\/ul>\n<div id=\"ConnectiveDocSignExtentionInstalled\" data-extension-version=\"1.0.4\"><\/div>\n<p>[\/vc_column_text][\/vc_column][\/vc_row][vc_row][vc_column][vc_empty_space height=\u00a0\u00bb100px\u00a0\u00bb][\/vc_column][\/vc_row]<\/p>\n","protected":false},"excerpt":{"rendered":"[vc_row][vc_column][vc_column_text css=\u00a0\u00bb.vc_custom_1552234736319{padding-top: 20px !important;}\u00a0\u00bb] Ce que nous faisons Nous r\u00e9alisons des images multispectrales \u00e0 l\u2019aide de nos drones sp\u00e9cifiques agricoles emportant comme charge utile des cam\u00e9ras multicanaux et multispectrales haute r\u00e9solution (Red Edge MX, Altum). La technique est utilis\u00e9e dans un large \u00e9ventail d&rsquo;applications, notamment l&rsquo;analyse pr\u00e9cise de l\u2019\u00e9tat des cultures, vignes et forets. Les[&#8230;]","protected":false},"author":8,"featured_media":0,"parent":0,"menu_order":0,"comment_status":"closed","ping_status":"closed","template":"","meta":{"footnotes":""},"class_list":["post-2130","page","type-page","status-publish","hentry"],"_links":{"self":[{"href":"http:\/\/www.rpas-at-work.com\/index.php?rest_route=\/wp\/v2\/pages\/2130","targetHints":{"allow":["GET"]}}],"collection":[{"href":"http:\/\/www.rpas-at-work.com\/index.php?rest_route=\/wp\/v2\/pages"}],"about":[{"href":"http:\/\/www.rpas-at-work.com\/index.php?rest_route=\/wp\/v2\/types\/page"}],"author":[{"embeddable":true,"href":"http:\/\/www.rpas-at-work.com\/index.php?rest_route=\/wp\/v2\/users\/8"}],"replies":[{"embeddable":true,"href":"http:\/\/www.rpas-at-work.com\/index.php?rest_route=%2Fwp%2Fv2%2Fcomments&post=2130"}],"version-history":[{"count":23,"href":"http:\/\/www.rpas-at-work.com\/index.php?rest_route=\/wp\/v2\/pages\/2130\/revisions"}],"predecessor-version":[{"id":2600,"href":"http:\/\/www.rpas-at-work.com\/index.php?rest_route=\/wp\/v2\/pages\/2130\/revisions\/2600"}],"wp:attachment":[{"href":"http:\/\/www.rpas-at-work.com\/index.php?rest_route=%2Fwp%2Fv2%2Fmedia&parent=2130"}],"curies":[{"name":"wp","href":"https:\/\/api.w.org\/{rel}","templated":true}]}}