{"id":2133,"date":"2019-02-19T15:30:41","date_gmt":"2019-02-19T14:30:41","guid":{"rendered":"http:\/\/localhost:8888\/rpas\/?page_id=2133"},"modified":"2019-05-04T15:22:02","modified_gmt":"2019-05-04T13:22:02","slug":"imagerie-thermique","status":"publish","type":"page","link":"http:\/\/www.rpas-at-work.com\/?page_id=2133","title":{"rendered":"Imagerie thermique"},"content":{"rendered":"<p>[vc_row][vc_column][vc_column_text css=\u00a0\u00bb.vc_custom_1553433387718{padding-top: 20px !important;}\u00a0\u00bb]<\/p>\n<h3>Ce que nous faisons<\/h3>\n<p style=\"text-align: justify;\">Nous utilisons des drones de haute pr\u00e9cision avec des charges utiles compos\u00e9s de cam\u00e9ras infrarouges (FLIR PRO) pour inspecter l\u2019int\u00e9rieur ou l\u2019ext\u00e9rieur de votre bien et faire un rapport sur les variations de chaleur \u00e0 la surface.<\/p>\n<div id=\"ConnectiveDocSignExtentionInstalled\" data-extension-version=\"1.0.4\"><\/div>\n<p>[\/vc_column_text][\/vc_column][\/vc_row][vc_row overlay_dotted=\u00a0\u00bb\u00a0\u00bb][vc_column][vc_column_text]<\/p>\n<h3><img loading=\"lazy\" decoding=\"async\" class=\"alignright wp-image-2428\" src=\"http:\/\/www.rpas-at-work.com\/wp-content\/uploads\/2019\/03\/Roof-300x240.jpg\" alt=\"\" width=\"280\" height=\"224\" srcset=\"http:\/\/www.rpas-at-work.com\/wp-content\/uploads\/2019\/03\/Roof-300x240.jpg 300w, http:\/\/www.rpas-at-work.com\/wp-content\/uploads\/2019\/03\/Roof.jpg 640w\" sizes=\"auto, (max-width: 280px) 100vw, 280px\" \/>Avantages et applications<\/h3>\n<p style=\"text-align: justify;\">La technologie des drones peut traverser l\u2019enveloppe du b\u00e2timent en une fraction du temps des techniques traditionnelles et inspecter des zones difficiles \u00e0 atteindre telles que les toits ou les espaces confin\u00e9s mais aussi les structures a\u00e9riennes telles que pyl\u00f4nes \u00e9lectriques (couplage pertes joules), chemin\u00e9es, conduites a\u00e9riennes. L&rsquo;imagerie thermique d\u00e9tecte et diagnostique les probl\u00e8mes cach\u00e9s et r\u00e9v\u00e8le des possibilit\u00e9s d&rsquo;\u00e9conomiser de l&rsquo;\u00e9nergie dans votre maison, votre b\u00e2timent et structures techniques.<\/p>\n<p style=\"text-align: justify;\">L\u2019emploi de nos drones radiom\u00e9triques permet \u00e0 nos \u00e9quipes de collecter rapidement des donn\u00e9es de temp\u00e9rature radiom\u00e9trique sur de grandes surfaces telles que les toits, les panneaux solaires et les installations souterraines.<\/p>\n<div id=\"ConnectiveDocSignExtentionInstalled\" data-extension-version=\"1.0.4\"><\/div>\n<p>[\/vc_column_text][\/vc_column][\/vc_row][vc_row overlay_dotted=\u00a0\u00bb\u00a0\u00bb][vc_column][vc_column_text el_class=\u00a0\u00bbcustom-li\u00a0\u00bb]<\/p>\n<h3>L&rsquo;imagerie thermique est particuli\u00e8rement efficace pour identifier:<\/h3>\n<p><img loading=\"lazy\" decoding=\"async\" class=\"img-pad-right alignleft wp-image-2429\" src=\"http:\/\/www.rpas-at-work.com\/wp-content\/uploads\/2019\/03\/Thermal-300x168.jpg\" alt=\"\" width=\"555\" height=\"310\" srcset=\"http:\/\/www.rpas-at-work.com\/wp-content\/uploads\/2019\/03\/Thermal-300x168.jpg 300w, http:\/\/www.rpas-at-work.com\/wp-content\/uploads\/2019\/03\/Thermal-768x429.jpg 768w, http:\/\/www.rpas-at-work.com\/wp-content\/uploads\/2019\/03\/Thermal-1024x572.jpg 1024w, http:\/\/www.rpas-at-work.com\/wp-content\/uploads\/2019\/03\/Thermal.jpg 1433w\" sizes=\"auto, (max-width: 555px) 100vw, 555px\" \/><\/p>\n<ul>\n<li>Enqu\u00eates et audits \u00e9nerg\u00e9tiques ;<\/li>\n<li>Les fuites s\u00e8ches \/ liquides ;<\/li>\n<li>Dommages caus\u00e9s par l&rsquo;eau et exc\u00e8s d&rsquo;humidit\u00e9 ;<\/li>\n<li>Condensation ;<\/li>\n<li>Zones avec isolation manquante ou non performante ;<\/li>\n<li>L&rsquo;efficacit\u00e9 de l&rsquo;isolation dans la construction de nouveaux b\u00e2timents ;<\/li>\n<li>Zones de fuite d&rsquo;air ou de mouvement ;<\/li>\n<li>D\u00e9tection des d\u00e9fauts sur les panneaux solaires ;<\/li>\n<li>Localiser les feux couvant avec pr\u00e9cision pour les situations d&rsquo;urgence incendie.<\/li>\n<\/ul>\n<div id=\"ConnectiveDocSignExtentionInstalled\" data-extension-version=\"1.0.4\"><\/div>\n<p>[\/vc_column_text][\/vc_column][\/vc_row][vc_row][vc_column][vc_empty_space height=\u00a0\u00bb100px\u00a0\u00bb][\/vc_column][\/vc_row]<\/p>\n","protected":false},"excerpt":{"rendered":"[vc_row][vc_column][vc_column_text css=\u00a0\u00bb.vc_custom_1553433387718{padding-top: 20px !important;}\u00a0\u00bb] Ce que nous faisons Nous utilisons des drones de haute pr\u00e9cision avec des charges utiles compos\u00e9s de cam\u00e9ras infrarouges (FLIR PRO) pour inspecter l\u2019int\u00e9rieur ou l\u2019ext\u00e9rieur de votre bien et faire un rapport sur les variations de chaleur \u00e0 la surface. [\/vc_column_text][\/vc_column][\/vc_row][vc_row overlay_dotted=\u00a0\u00bb\u00a0\u00bb][vc_column][vc_column_text] Avantages et applications La technologie des drones peut[&#8230;]","protected":false},"author":8,"featured_media":0,"parent":0,"menu_order":0,"comment_status":"closed","ping_status":"closed","template":"","meta":{"footnotes":""},"class_list":["post-2133","page","type-page","status-publish","hentry"],"_links":{"self":[{"href":"http:\/\/www.rpas-at-work.com\/index.php?rest_route=\/wp\/v2\/pages\/2133","targetHints":{"allow":["GET"]}}],"collection":[{"href":"http:\/\/www.rpas-at-work.com\/index.php?rest_route=\/wp\/v2\/pages"}],"about":[{"href":"http:\/\/www.rpas-at-work.com\/index.php?rest_route=\/wp\/v2\/types\/page"}],"author":[{"embeddable":true,"href":"http:\/\/www.rpas-at-work.com\/index.php?rest_route=\/wp\/v2\/users\/8"}],"replies":[{"embeddable":true,"href":"http:\/\/www.rpas-at-work.com\/index.php?rest_route=%2Fwp%2Fv2%2Fcomments&post=2133"}],"version-history":[{"count":34,"href":"http:\/\/www.rpas-at-work.com\/index.php?rest_route=\/wp\/v2\/pages\/2133\/revisions"}],"predecessor-version":[{"id":2601,"href":"http:\/\/www.rpas-at-work.com\/index.php?rest_route=\/wp\/v2\/pages\/2133\/revisions\/2601"}],"wp:attachment":[{"href":"http:\/\/www.rpas-at-work.com\/index.php?rest_route=%2Fwp%2Fv2%2Fmedia&parent=2133"}],"curies":[{"name":"wp","href":"https:\/\/api.w.org\/{rel}","templated":true}]}}