{"id":2136,"date":"2019-02-19T15:31:23","date_gmt":"2019-02-19T14:31:23","guid":{"rendered":"http:\/\/localhost:8888\/rpas\/?page_id=2136"},"modified":"2019-05-04T15:22:43","modified_gmt":"2019-05-04T13:22:43","slug":"photos-videos","status":"publish","type":"page","link":"http:\/\/www.rpas-at-work.com\/?page_id=2136","title":{"rendered":"Photos &#038; vid\u00e9os"},"content":{"rendered":"<p>[vc_row][vc_column][vc_column_text css=\u00a0\u00bb.vc_custom_1556976154923{padding-top: 20px !important;}\u00a0\u00bb el_class=\u00a0\u00bbcustom-li\u00a0\u00bb]<\/p>\n<h3>Ce que nous faisons<\/h3>\n<p style=\"text-align: justify;\">Nous utilisons nos drones \u00e9quip\u00e9s de cam\u00e9ras et stabilisateurs haute performance pour produire des photos et des vid\u00e9os de qualit\u00e9 professionnelle dans de nombreux secteurs et industries. Toutes nos cam\u00e9ras sont au minimum 4k 30FPS avec 36MP disponibles l\u00e0 o\u00f9 c\u2019est n\u00e9cessaire.<\/p>\n<p style=\"text-align: justify;\">Notre \u00e9quipe int\u00e8gre un photographe cam\u00e9raman cadreur professionnel qui vient compl\u00e9ter les taches du pilote.<\/p>\n<ul>\n<li><img loading=\"lazy\" decoding=\"async\" class=\"alignright wp-image-2441\" src=\"http:\/\/www.rpas-at-work.com\/wp-content\/uploads\/2019\/03\/Real-Estate-300x224.jpeg\" alt=\"\" width=\"360\" height=\"268\" srcset=\"http:\/\/www.rpas-at-work.com\/wp-content\/uploads\/2019\/03\/Real-Estate-300x224.jpeg 300w, http:\/\/www.rpas-at-work.com\/wp-content\/uploads\/2019\/03\/Real-Estate.jpeg 743w\" sizes=\"auto, (max-width: 360px) 100vw, 360px\" \/>Photographie a\u00e9rienne ;<\/li>\n<li>S\u00e9quences vid\u00e9o ;<\/li>\n<li>Photographie oblique ;<\/li>\n<li>Orthographie ;<\/li>\n<li>Images panoramiques ;<\/li>\n<li>Vid\u00e9os 360 degr\u00e9s pour applications de r\u00e9alit\u00e9 virtuelle.<\/li>\n<\/ul>\n<div id=\"ConnectiveDocSignExtentionInstalled\" data-extension-version=\"1.0.4\"><\/div>\n<p>[\/vc_column_text][\/vc_column][\/vc_row][vc_row][vc_column][vc_column_text el_class=\u00a0\u00bbcustom-li\u00a0\u00bb]<\/p>\n<h3>Avantages<\/h3>\n<p style=\"text-align: justify;\">La photographie par drone est extr\u00eamement rentable par rapport aux plates-formes sur\u00e9lev\u00e9es et aux h\u00e9licopt\u00e8res et avions habit\u00e9s. La souplesse et la maniabilit\u00e9 du drone permettent de capturer des images et des vid\u00e9os \u00e0 des points de vue et perspectives in\u00e9gal\u00e9s et d&rsquo;acc\u00e9der \u00e0 des zones qui pourraient ne pas \u00eatre possibles avec d&rsquo;autres techniques.<\/p>\n<h4>Certains des principaux avantages comprennent:<\/h4>\n<ul>\n<li>Fraction du co\u00fbt des avions pilot\u00e9s ou des plates-formes mobiles ;<\/li>\n<li>D\u00e9ploiement rapide ;<\/li>\n<li>Vols \u00e0 tr\u00e8s basse (Dolly Mode without tracks) ou haute altitude ;<\/li>\n<li>Atteindre des zones auparavant inaccessibles ;<\/li>\n<li>Visualisation des images en temps r\u00e9el sur le site.<\/li>\n<\/ul>\n<p>&nbsp;<\/p>\n<h4>Applications typiques<\/h4>\n<ul>\n<li>Simulation et suivi de l&rsquo;avancement de la construction ;<\/li>\n<li>Plans avanc\u00e9s avec parcours dans des structures ;<\/li>\n<li>M\u00e9dias pour l\u2019immobilier, la publicit\u00e9, le cin\u00e9ma et le marketing ;<\/li>\n<li>Recherche environnementale, surveillance et \u00e9valuations ;<\/li>\n<li>Tourisme et patrimoine ;<\/li>\n<li>Tours a\u00e9riens ;<\/li>\n<li>Vid\u00e9os \u00e0 360\u00b0 ;<\/li>\n<li>Visualisations 3D d&rsquo;immeubles et d&rsquo;infrastructures nouvellement planifi\u00e9s ;<\/li>\n<li>Pr\u00e9sentation de l&rsquo;immobilier ;<\/li>\n<li>Images d&rsquo;\u00e9v\u00e9nements.<\/li>\n<\/ul>\n<div id=\"ConnectiveDocSignExtentionInstalled\" data-extension-version=\"1.0.4\"><\/div>\n<p>[\/vc_column_text][\/vc_column][\/vc_row][vc_row][vc_column][vc_empty_space height=\u00a0\u00bb100px\u00a0\u00bb][\/vc_column][\/vc_row]<\/p>\n","protected":false},"excerpt":{"rendered":"[vc_row][vc_column][vc_column_text css=\u00a0\u00bb.vc_custom_1556976154923{padding-top: 20px !important;}\u00a0\u00bb el_class=\u00a0\u00bbcustom-li\u00a0\u00bb] Ce que nous faisons Nous utilisons nos drones \u00e9quip\u00e9s de cam\u00e9ras et stabilisateurs haute performance pour produire des photos et des vid\u00e9os de qualit\u00e9 professionnelle dans de nombreux secteurs et industries. Toutes nos cam\u00e9ras sont au minimum 4k 30FPS avec 36MP disponibles l\u00e0 o\u00f9 c\u2019est n\u00e9cessaire. Notre \u00e9quipe int\u00e8gre un[&#8230;]","protected":false},"author":8,"featured_media":0,"parent":0,"menu_order":0,"comment_status":"closed","ping_status":"closed","template":"","meta":{"footnotes":""},"class_list":["post-2136","page","type-page","status-publish","hentry"],"_links":{"self":[{"href":"http:\/\/www.rpas-at-work.com\/index.php?rest_route=\/wp\/v2\/pages\/2136","targetHints":{"allow":["GET"]}}],"collection":[{"href":"http:\/\/www.rpas-at-work.com\/index.php?rest_route=\/wp\/v2\/pages"}],"about":[{"href":"http:\/\/www.rpas-at-work.com\/index.php?rest_route=\/wp\/v2\/types\/page"}],"author":[{"embeddable":true,"href":"http:\/\/www.rpas-at-work.com\/index.php?rest_route=\/wp\/v2\/users\/8"}],"replies":[{"embeddable":true,"href":"http:\/\/www.rpas-at-work.com\/index.php?rest_route=%2Fwp%2Fv2%2Fcomments&post=2136"}],"version-history":[{"count":16,"href":"http:\/\/www.rpas-at-work.com\/index.php?rest_route=\/wp\/v2\/pages\/2136\/revisions"}],"predecessor-version":[{"id":2602,"href":"http:\/\/www.rpas-at-work.com\/index.php?rest_route=\/wp\/v2\/pages\/2136\/revisions\/2602"}],"wp:attachment":[{"href":"http:\/\/www.rpas-at-work.com\/index.php?rest_route=%2Fwp%2Fv2%2Fmedia&parent=2136"}],"curies":[{"name":"wp","href":"https:\/\/api.w.org\/{rel}","templated":true}]}}