{"id":2375,"date":"2019-03-09T13:54:53","date_gmt":"2019-03-09T12:54:53","guid":{"rendered":"http:\/\/localhost:8888\/rpas\/?page_id=2375"},"modified":"2019-05-04T14:56:36","modified_gmt":"2019-05-04T12:56:36","slug":"tour-lignes-electriques","status":"publish","type":"page","link":"http:\/\/www.rpas-at-work.com\/?page_id=2375","title":{"rendered":"Tour &#038; lignes \u00e9lectriques"},"content":{"rendered":"<p>[vc_row][vc_column][vc_column_text css=\u00a0\u00bb.vc_custom_1556974579668{padding-top: 20px !important;}\u00a0\u00bb]<\/p>\n<h3>Ce que nous faisons<\/h3>\n<p style=\"text-align: justify;\"><img loading=\"lazy\" decoding=\"async\" class=\"alignleft wp-image-2379\" src=\"http:\/\/www.rpas-at-work.com\/wp-content\/uploads\/2019\/03\/tours-300x169.jpg\" alt=\"\" width=\"480\" height=\"270\" srcset=\"http:\/\/www.rpas-at-work.com\/wp-content\/uploads\/2019\/03\/tours-300x169.jpg 300w, http:\/\/www.rpas-at-work.com\/wp-content\/uploads\/2019\/03\/tours-768x432.jpg 768w, http:\/\/www.rpas-at-work.com\/wp-content\/uploads\/2019\/03\/tours-1024x576.jpg 1024w, http:\/\/www.rpas-at-work.com\/wp-content\/uploads\/2019\/03\/tours.jpg 1700w\" sizes=\"auto, (max-width: 480px) 100vw, 480px\" \/>Rpas At Work effectue des inspections des pyl\u00f4nes de services publics (Telecom) et des lignes \u00e9lectriques en utilisant le Matrice, le leader de l&rsquo;industrie, qui est un des mutlicopt\u00e8res parmi les plus avanc\u00e9 actuellement disponible pour les inspections et l&rsquo;imagerie a\u00e9riennes professionnelles.<\/p>\n<p style=\"text-align: justify;\">Le Matrice int\u00e8gre un syst\u00e8me de s\u00e9curit\u00e9 redondant et r\u00e9siste aux interf\u00e9rences magn\u00e9tiques et aux variations de temp\u00e9rature, ce qui permet d\u2019effectuer des inspections de drones \u00e0 proximit\u00e9 imm\u00e9diate de l\u2019infrastructure \u00e9lectrique, m\u00eame dans les conditions les plus difficiles.<\/p>\n<p style=\"text-align: justify;\">Un double parachute autonome permet de compl\u00e9ter ces syst\u00e8mes de s\u00e9curit\u00e9.<\/p>\n<p style=\"text-align: justify;\">Nos inspections sont effectu\u00e9es \u00e0 l&rsquo;aide du drone \u00e9quip\u00e9 d\u2019une cam\u00e9ra ultra performante Sony Zoom optique de 1850mm enti\u00e8rement stabilis\u00e9e (\u00e9quivalent 24&#215;36). Cet objectif nous permet de travailler \u00e0 une distance de s\u00e9curit\u00e9 tr\u00e8s importante par rapport \u00e0 l\u2019ouvrage \u00e0 inspecter.<\/p>\n<p style=\"text-align: justify;\">Des relev\u00e9s radio thermiques peuvent aussi \u00eatre r\u00e9alis\u00e9s conjointement afin de diagnostiques les points chauds sur les jonctions \u00e9lectriques.<\/p>\n<p>[\/vc_column_text][\/vc_column][\/vc_row][vc_row][vc_column][vc_column_text]<\/p>\n<h3>Avantages<\/h3>\n<p style=\"text-align: justify;\">Notre \u00e9quipe d&rsquo;inspection de drones peut surveiller les lignes \u00e9lectriques de mani\u00e8re beaucoup plus rentable et efficace par rapport aux techniques traditionnelles. Les inspections des pyl\u00f4nes peuvent \u00e9galement \u00eatre effectu\u00e9es sans la n\u00e9cessit\u00e9 de techniciens cordistes, ce qui r\u00e9duit consid\u00e9rablement les risques sur site.<\/p>\n<p style=\"text-align: justify;\">Nos drones sont con\u00e7us pour fonctionner \u00e0 proximit\u00e9 des infrastructures sous tension et ont l&rsquo;agilit\u00e9 n\u00e9cessaire pour atteindre des zones consid\u00e9r\u00e9es auparavant comme difficiles ou impossibles.<\/p>\n<div id=\"ConnectiveDocSignExtentionInstalled\" data-extension-version=\"1.0.4\"><\/div>\n<p>[\/vc_column_text][\/vc_column][\/vc_row][vc_row][vc_column][vc_column_text el_class=\u00a0\u00bbcustom-li\u00a0\u00bb]<\/p>\n<h3>Certains des principaux avantages comprennent<\/h3>\n<ul>\n<li>\u00c9conomies importantes ;<\/li>\n<li>Beaucoup moins de temps sur site, avec des r\u00e9sultats d\u00e9livr\u00e9s en une fraction de temps ;<\/li>\n<li>Risque r\u00e9duit car pas de travaux en hauteur ;<\/li>\n<li>R\u00e9duction voir suppression des temps d\u2019arr\u00eats n\u00e9cessaires aux inspections ;<\/li>\n<li>Limitation de l&rsquo;exposition du personnel aux lignes \u00e9lectriques sous tension ou faisceaux \u00e9lectromagn\u00e9tiques puissants.<\/li>\n<\/ul>\n<p>[\/vc_column_text][\/vc_column][\/vc_row][vc_row][vc_column][vc_empty_space height=\u00a0\u00bb100px\u00a0\u00bb][\/vc_column][\/vc_row][vc_section][\/vc_section][vc_row][vc_column][vc_column_text]<\/p>\n<div id=\"ConnectiveDocSignExtentionInstalled\" data-extension-version=\"1.0.4\"><\/div>\n<p>[\/vc_column_text][\/vc_column][\/vc_row]<\/p>\n","protected":false},"excerpt":{"rendered":"[vc_row][vc_column][vc_column_text css=\u00a0\u00bb.vc_custom_1556974579668{padding-top: 20px !important;}\u00a0\u00bb] Ce que nous faisons Rpas At Work effectue des inspections des pyl\u00f4nes de services publics (Telecom) et des lignes \u00e9lectriques en utilisant le Matrice, le leader de l&rsquo;industrie, qui est un des mutlicopt\u00e8res parmi les plus avanc\u00e9 actuellement disponible pour les inspections et l&rsquo;imagerie a\u00e9riennes professionnelles. Le Matrice int\u00e8gre un syst\u00e8me[&#8230;]","protected":false},"author":8,"featured_media":0,"parent":0,"menu_order":0,"comment_status":"closed","ping_status":"closed","template":"","meta":{"footnotes":""},"class_list":["post-2375","page","type-page","status-publish","hentry"],"_links":{"self":[{"href":"http:\/\/www.rpas-at-work.com\/index.php?rest_route=\/wp\/v2\/pages\/2375","targetHints":{"allow":["GET"]}}],"collection":[{"href":"http:\/\/www.rpas-at-work.com\/index.php?rest_route=\/wp\/v2\/pages"}],"about":[{"href":"http:\/\/www.rpas-at-work.com\/index.php?rest_route=\/wp\/v2\/types\/page"}],"author":[{"embeddable":true,"href":"http:\/\/www.rpas-at-work.com\/index.php?rest_route=\/wp\/v2\/users\/8"}],"replies":[{"embeddable":true,"href":"http:\/\/www.rpas-at-work.com\/index.php?rest_route=%2Fwp%2Fv2%2Fcomments&post=2375"}],"version-history":[{"count":17,"href":"http:\/\/www.rpas-at-work.com\/index.php?rest_route=\/wp\/v2\/pages\/2375\/revisions"}],"predecessor-version":[{"id":2595,"href":"http:\/\/www.rpas-at-work.com\/index.php?rest_route=\/wp\/v2\/pages\/2375\/revisions\/2595"}],"wp:attachment":[{"href":"http:\/\/www.rpas-at-work.com\/index.php?rest_route=%2Fwp%2Fv2%2Fmedia&parent=2375"}],"curies":[{"name":"wp","href":"https:\/\/api.w.org\/{rel}","templated":true}]}}